{"id":8478,"date":"2023-09-05T10:04:33","date_gmt":"2023-09-05T10:04:33","guid":{"rendered":"https:\/\/lain.hu\/zny\/?page_id=8478"},"modified":"2023-09-05T10:42:27","modified_gmt":"2023-09-05T10:42:27","slug":"egyesulet","status":"publish","type":"page","link":"https:\/\/zamardinyitva.hu\/en\/egyesulet\/","title":{"rendered":"Zam\u00e1rdi Nyitva V\u00e1llalkoz\u00f3i Egyes\u00fclet"},"content":{"rendered":"<p class=\"has-large-font-size\"><strong>Megalakult a Zam\u00e1rdi Nyitva V\u00e1llalkoz\u00f3i Egyes\u00fclet<\/strong><\/p>\n\n\n\n<p>Az egyes\u00fclet\u00fcnk az\u00e9rt j\u00f6tt l\u00e9tre, hogy k\u00e9pviselje az idegenforgalomban, vend\u00e9gl\u00e1t\u00e1sban dolgoz\u00f3 helyi v\u00e1llalkoz\u00e1sok \u00e9rdekeit, \u00e9s \u00e9p\u00edt\u0151 jelleg\u0171 javaslatokkal, munk\u00e1val hozz\u00e1j\u00e1ruljon Zam\u00e1rdi fejleszt\u00e9s\u00e9hez. Tavaly szeptemberben a Zam\u00e1rdi V\u00e1llalkoz\u00f3i F\u00f3rum l\u00e9trehoz\u00e1s\u00e1val kezdt\u00fck, ahol egy asztalhoz tudtuk \u00fcltetni helyi v\u00e1llalkoz\u00f3kat, v\u00e1rosunk vezet\u0151it \u00e9s a nagy ny\u00e1ri fesztiv\u00e1lok szervez\u0151it is. K\u00f6z\u00f6s eredm\u00e9ny\u00fcnk a Zam\u00e1rdi Nyitva! akci\u00f3 elind\u00edt\u00e1sa, a Zam\u00e1rdi Repoh\u00e1r megval\u00f3s\u00edt\u00e1sa, \u00e9s k\u00f6zrem\u0171k\u00f6d\u00e9s\u00fcnkkel ker\u00fcltek ki a szabadstrandon tal\u00e1lhat\u00f3 \u00e9rt\u00e9kmeg\u0151rz\u0151 szekr\u00e9nyek ny\u00e1r elej\u00e9n. A f\u00f3rumon bel\u00fcl 2023 tavasz\u00e1n form\u00e1l\u00f3dott ki az egyes\u00fclet a legakt\u00edvabb tagokb\u00f3l.&nbsp;<\/p>\n\n\n\n<p>A tov\u00e1bbiakban az egyes\u00fclet h\u00edvja \u00f6ssze a havonta megtartott Zam\u00e1rdi V\u00e1llalkoz\u00f3i F\u00f3rumot, amelyen egyes\u00fcleti tags\u00e1g n\u00e9lk\u00fcl is b\u00e1rki r\u00e9szt vehet, eszm\u00e9t cser\u00e9lhet, vagy javaslatot tehet. Az egyes\u00fclet m\u0171k\u00f6dteti a ny\u00e1ri szezonon k\u00edv\u00fcl is nyitva tart\u00f3 \u00e9ttermeket, sz\u00e1ll\u00e1shelyeket bemutat\u00f3&nbsp;<a href=\"https:\/\/lain.hu\/zny\/\" target=\"_blank\" rel=\"noreferrer noopener\">zamardinyitva.hu<\/a>&nbsp;honlapot, a Zam\u00e1rdi Repoh\u00e1r rendszer\u00e9t \u00e9s szervezi az \u0151szi-tavaszi Zam\u00e1rdi Nyitva! kamp\u00e1nyt.<\/p>\n\n\n\n<p>B\u00edzunk benne, hogy az \u00e9rdekelt feleket \u00f6sszefogva, a k\u00f6z\u00f6s \u00e9rdekeket megtal\u00e1lva, konstrukt\u00edv javaslatokkal \u00e9s kritik\u00e1val tev\u00e9kenyen hozz\u00e1 tudunk j\u00e1rulni Zam\u00e1rdi fejl\u0151d\u00e9s\u00e9hez.<\/p>\n\n\n\n<p>Vass M\u00e1t\u00e9<\/p>\n\n\n\n<p>eln\u00f6k<\/p>\n\n\n\n<p>Kiss Annam\u00e1ria, Kaposv\u00e1ri P\u00e9ter, Horv\u00e1th S\u00e1ndor, Kiss \u00c1d\u00e1m<\/p>\n\n\n\n<p>eln\u00f6ks\u00e9gi tagok<\/p>","protected":false},"excerpt":{"rendered":"<p>Megalakult a Zam\u00e1rdi Nyitva V\u00e1llalkoz\u00f3i Egyes\u00fclet Az egyes\u00fclet\u00fcnk az\u00e9rt j\u00f6tt l\u00e9tre, hogy k\u00e9pviselje az idegenforgalomban, vend\u00e9gl\u00e1t\u00e1sban dolgoz\u00f3 helyi v\u00e1llalkoz\u00e1sok \u00e9rdekeit, \u00e9s \u00e9p\u00edt\u0151 jelleg\u0171 javaslatokkal, munk\u00e1val hozz\u00e1j\u00e1ruljon Zam\u00e1rdi fejleszt\u00e9s\u00e9hez. Tavaly szeptemberben a Zam\u00e1rdi V\u00e1llalkoz\u00f3i F\u00f3rum l\u00e9trehoz\u00e1s\u00e1val kezdt\u00fck, ahol egy asztalhoz tudtuk \u00fcltetni helyi v\u00e1llalkoz\u00f3kat, v\u00e1rosunk vezet\u0151it \u00e9s a nagy ny\u00e1ri fesztiv\u00e1lok szervez\u0151it is. K\u00f6z\u00f6s eredm\u00e9ny\u00fcnk a&hellip;<\/p>","protected":false},"author":1,"featured_media":0,"parent":0,"menu_order":0,"comment_status":"closed","ping_status":"closed","template":"","meta":{"footnotes":""},"class_list":["post-8478","page","type-page","status-publish","hentry"],"yoast_head":"<!-- This site is optimized with the Yoast SEO Premium plugin v27.4 (Yoast SEO v27.4) - https:\/\/yoast.com\/product\/yoast-seo-premium-wordpress\/ -->\n<title>Zam\u00e1rdi Nyitva V\u00e1llalkoz\u00f3i Egyes\u00fclet - Zam\u00e1rdi Nyitva!<\/title>\n<meta name=\"description\" content=\"Az egyes\u00fclet\u00fcnk az\u00e9rt j\u00f6tt l\u00e9tre, hogy k\u00e9pviselje az idegenforgalomban, vend\u00e9gl\u00e1t\u00e1sban dolgoz\u00f3 helyi v\u00e1llalkoz\u00e1sok \u00e9rdekeit, \u00e9s \u00e9p\u00edt\u0151 jelleg\u0171 javaslatokkal, munk\u00e1val hozz\u00e1j\u00e1ruljon Zam\u00e1rdi fejleszt\u00e9s\u00e9hez.\" \/>\n<meta name=\"robots\" content=\"index, follow, max-snippet:-1, max-image-preview:large, max-video-preview:-1\" \/>\n<link rel=\"canonical\" href=\"https:\/\/zamardinyitva.hu\/en\/egyesulet\/\" \/>\n<meta property=\"og:locale\" content=\"en_US\" \/>\n<meta property=\"og:type\" content=\"article\" \/>\n<meta property=\"og:title\" content=\"Zam\u00e1rdi Nyitva V\u00e1llalkoz\u00f3i Egyes\u00fclet\" \/>\n<meta property=\"og:description\" content=\"Az egyes\u00fclet\u00fcnk az\u00e9rt j\u00f6tt l\u00e9tre, hogy k\u00e9pviselje az idegenforgalomban, vend\u00e9gl\u00e1t\u00e1sban dolgoz\u00f3 helyi v\u00e1llalkoz\u00e1sok \u00e9rdekeit, \u00e9s \u00e9p\u00edt\u0151 jelleg\u0171 javaslatokkal, munk\u00e1val hozz\u00e1j\u00e1ruljon Zam\u00e1rdi fejleszt\u00e9s\u00e9hez.\" \/>\n<meta property=\"og:url\" content=\"https:\/\/zamardinyitva.hu\/en\/egyesulet\/\" \/>\n<meta property=\"og:site_name\" content=\"Zam\u00e1rdi Nyitva!\" \/>\n<meta property=\"article:publisher\" content=\"https:\/\/www.facebook.com\/zamardinyitva\/\" \/>\n<meta property=\"article:modified_time\" content=\"2023-09-05T10:42:27+00:00\" \/>\n<meta property=\"og:image\" content=\"https:\/\/zamardinyitva.hu\/wp-content\/uploads\/2023\/04\/sharer-zamardinyitva.jpg\" \/>\n\t<meta property=\"og:image:width\" content=\"2200\" \/>\n\t<meta property=\"og:image:height\" content=\"1238\" \/>\n\t<meta property=\"og:image:type\" content=\"image\/jpeg\" \/>\n<script type=\"application\/ld+json\" class=\"yoast-schema-graph\">{\"@context\":\"https:\\\/\\\/schema.org\",\"@graph\":[{\"@type\":\"WebPage\",\"@id\":\"https:\\\/\\\/zamardinyitva.hu\\\/egyesulet\\\/\",\"url\":\"https:\\\/\\\/zamardinyitva.hu\\\/egyesulet\\\/\",\"name\":\"Zam\u00e1rdi Nyitva V\u00e1llalkoz\u00f3i Egyes\u00fclet - Zam\u00e1rdi Nyitva!\",\"isPartOf\":{\"@id\":\"https:\\\/\\\/zamardinyitva.hu\\\/#website\"},\"datePublished\":\"2023-09-05T10:04:33+00:00\",\"dateModified\":\"2023-09-05T10:42:27+00:00\",\"description\":\"Az egyes\u00fclet\u00fcnk az\u00e9rt j\u00f6tt l\u00e9tre, hogy k\u00e9pviselje az idegenforgalomban, vend\u00e9gl\u00e1t\u00e1sban dolgoz\u00f3 helyi v\u00e1llalkoz\u00e1sok \u00e9rdekeit, \u00e9s \u00e9p\u00edt\u0151 jelleg\u0171 javaslatokkal, munk\u00e1val hozz\u00e1j\u00e1ruljon Zam\u00e1rdi fejleszt\u00e9s\u00e9hez.\",\"breadcrumb\":{\"@id\":\"https:\\\/\\\/zamardinyitva.hu\\\/egyesulet\\\/#breadcrumb\"},\"inLanguage\":\"en-US\",\"potentialAction\":[{\"@type\":\"ReadAction\",\"target\":[\"https:\\\/\\\/zamardinyitva.hu\\\/egyesulet\\\/\"]}]},{\"@type\":\"BreadcrumbList\",\"@id\":\"https:\\\/\\\/zamardinyitva.hu\\\/egyesulet\\\/#breadcrumb\",\"itemListElement\":[{\"@type\":\"ListItem\",\"position\":1,\"name\":\"Home\",\"item\":\"https:\\\/\\\/zamardinyitva.hu\\\/\"},{\"@type\":\"ListItem\",\"position\":2,\"name\":\"Zam\u00e1rdi Nyitva V\u00e1llalkoz\u00f3i Egyes\u00fclet\"}]},{\"@type\":\"WebSite\",\"@id\":\"https:\\\/\\\/zamardinyitva.hu\\\/#website\",\"url\":\"https:\\\/\\\/zamardinyitva.hu\\\/\",\"name\":\"Zam\u00e1rdi Nyitva!\",\"description\":\"\",\"publisher\":{\"@id\":\"https:\\\/\\\/zamardinyitva.hu\\\/#organization\"},\"potentialAction\":[{\"@type\":\"SearchAction\",\"target\":{\"@type\":\"EntryPoint\",\"urlTemplate\":\"https:\\\/\\\/zamardinyitva.hu\\\/?s={search_term_string}\"},\"query-input\":{\"@type\":\"PropertyValueSpecification\",\"valueRequired\":true,\"valueName\":\"search_term_string\"}}],\"inLanguage\":\"en-US\"},{\"@type\":\"Organization\",\"@id\":\"https:\\\/\\\/zamardinyitva.hu\\\/#organization\",\"name\":\"Zam\u00e1rdi nyitva!\",\"url\":\"https:\\\/\\\/zamardinyitva.hu\\\/\",\"logo\":{\"@type\":\"ImageObject\",\"inLanguage\":\"en-US\",\"@id\":\"https:\\\/\\\/zamardinyitva.hu\\\/#\\\/schema\\\/logo\\\/image\\\/\",\"url\":\"https:\\\/\\\/lain.hu\\\/zny\\\/wp-content\\\/uploads\\\/2023\\\/04\\\/cropped-fbshare.jpg\",\"contentUrl\":\"https:\\\/\\\/lain.hu\\\/zny\\\/wp-content\\\/uploads\\\/2023\\\/04\\\/cropped-fbshare.jpg\",\"width\":512,\"height\":512,\"caption\":\"Zam\u00e1rdi nyitva!\"},\"image\":{\"@id\":\"https:\\\/\\\/zamardinyitva.hu\\\/#\\\/schema\\\/logo\\\/image\\\/\"},\"sameAs\":[\"https:\\\/\\\/www.facebook.com\\\/zamardinyitva\\\/\",\"https:\\\/\\\/www.instagram.com\\\/zamardinyitva\\\/\"]}]}<\/script>\n<!-- \/ Yoast SEO Premium plugin. -->","yoast_head_json":{"title":"Zam\u00e1rdi Nyitva V\u00e1llalkoz\u00f3i Egyes\u00fclet - Zam\u00e1rdi Nyitva!","description":"Az egyes\u00fclet\u00fcnk az\u00e9rt j\u00f6tt l\u00e9tre, hogy k\u00e9pviselje az idegenforgalomban, vend\u00e9gl\u00e1t\u00e1sban dolgoz\u00f3 helyi v\u00e1llalkoz\u00e1sok \u00e9rdekeit, \u00e9s \u00e9p\u00edt\u0151 jelleg\u0171 javaslatokkal, munk\u00e1val hozz\u00e1j\u00e1ruljon Zam\u00e1rdi fejleszt\u00e9s\u00e9hez.","robots":{"index":"index","follow":"follow","max-snippet":"max-snippet:-1","max-image-preview":"max-image-preview:large","max-video-preview":"max-video-preview:-1"},"canonical":"https:\/\/zamardinyitva.hu\/en\/egyesulet\/","og_locale":"en_US","og_type":"article","og_title":"Zam\u00e1rdi Nyitva V\u00e1llalkoz\u00f3i Egyes\u00fclet","og_description":"Az egyes\u00fclet\u00fcnk az\u00e9rt j\u00f6tt l\u00e9tre, hogy k\u00e9pviselje az idegenforgalomban, vend\u00e9gl\u00e1t\u00e1sban dolgoz\u00f3 helyi v\u00e1llalkoz\u00e1sok \u00e9rdekeit, \u00e9s \u00e9p\u00edt\u0151 jelleg\u0171 javaslatokkal, munk\u00e1val hozz\u00e1j\u00e1ruljon Zam\u00e1rdi fejleszt\u00e9s\u00e9hez.","og_url":"https:\/\/zamardinyitva.hu\/en\/egyesulet\/","og_site_name":"Zam\u00e1rdi Nyitva!","article_publisher":"https:\/\/www.facebook.com\/zamardinyitva\/","article_modified_time":"2023-09-05T10:42:27+00:00","og_image":[{"width":2200,"height":1238,"url":"https:\/\/zamardinyitva.hu\/wp-content\/uploads\/2023\/04\/sharer-zamardinyitva.jpg","type":"image\/jpeg"}],"schema":{"@context":"https:\/\/schema.org","@graph":[{"@type":"WebPage","@id":"https:\/\/zamardinyitva.hu\/egyesulet\/","url":"https:\/\/zamardinyitva.hu\/egyesulet\/","name":"Zam\u00e1rdi Nyitva V\u00e1llalkoz\u00f3i Egyes\u00fclet - Zam\u00e1rdi Nyitva!","isPartOf":{"@id":"https:\/\/zamardinyitva.hu\/#website"},"datePublished":"2023-09-05T10:04:33+00:00","dateModified":"2023-09-05T10:42:27+00:00","description":"Az egyes\u00fclet\u00fcnk az\u00e9rt j\u00f6tt l\u00e9tre, hogy k\u00e9pviselje az idegenforgalomban, vend\u00e9gl\u00e1t\u00e1sban dolgoz\u00f3 helyi v\u00e1llalkoz\u00e1sok \u00e9rdekeit, \u00e9s \u00e9p\u00edt\u0151 jelleg\u0171 javaslatokkal, munk\u00e1val hozz\u00e1j\u00e1ruljon Zam\u00e1rdi fejleszt\u00e9s\u00e9hez.","breadcrumb":{"@id":"https:\/\/zamardinyitva.hu\/egyesulet\/#breadcrumb"},"inLanguage":"en-US","potentialAction":[{"@type":"ReadAction","target":["https:\/\/zamardinyitva.hu\/egyesulet\/"]}]},{"@type":"BreadcrumbList","@id":"https:\/\/zamardinyitva.hu\/egyesulet\/#breadcrumb","itemListElement":[{"@type":"ListItem","position":1,"name":"Home","item":"https:\/\/zamardinyitva.hu\/"},{"@type":"ListItem","position":2,"name":"Zam\u00e1rdi Nyitva V\u00e1llalkoz\u00f3i Egyes\u00fclet"}]},{"@type":"WebSite","@id":"https:\/\/zamardinyitva.hu\/#website","url":"https:\/\/zamardinyitva.hu\/","name":"Zam\u00e1rdi Nyitva!","description":"","publisher":{"@id":"https:\/\/zamardinyitva.hu\/#organization"},"potentialAction":[{"@type":"SearchAction","target":{"@type":"EntryPoint","urlTemplate":"https:\/\/zamardinyitva.hu\/?s={search_term_string}"},"query-input":{"@type":"PropertyValueSpecification","valueRequired":true,"valueName":"search_term_string"}}],"inLanguage":"en-US"},{"@type":"Organization","@id":"https:\/\/zamardinyitva.hu\/#organization","name":"Zam\u00e1rdi!","url":"https:\/\/zamardinyitva.hu\/","logo":{"@type":"ImageObject","inLanguage":"en-US","@id":"https:\/\/zamardinyitva.hu\/#\/schema\/logo\/image\/","url":"https:\/\/lain.hu\/zny\/wp-content\/uploads\/2023\/04\/cropped-fbshare.jpg","contentUrl":"https:\/\/lain.hu\/zny\/wp-content\/uploads\/2023\/04\/cropped-fbshare.jpg","width":512,"height":512,"caption":"Zam\u00e1rdi nyitva!"},"image":{"@id":"https:\/\/zamardinyitva.hu\/#\/schema\/logo\/image\/"},"sameAs":["https:\/\/www.facebook.com\/zamardinyitva\/","https:\/\/www.instagram.com\/zamardinyitva\/"]}]}},"_links":{"self":[{"href":"https:\/\/zamardinyitva.hu\/en\/wp-json\/wp\/v2\/pages\/8478","targetHints":{"allow":["GET"]}}],"collection":[{"href":"https:\/\/zamardinyitva.hu\/en\/wp-json\/wp\/v2\/pages"}],"about":[{"href":"https:\/\/zamardinyitva.hu\/en\/wp-json\/wp\/v2\/types\/page"}],"author":[{"embeddable":true,"href":"https:\/\/zamardinyitva.hu\/en\/wp-json\/wp\/v2\/users\/1"}],"replies":[{"embeddable":true,"href":"https:\/\/zamardinyitva.hu\/en\/wp-json\/wp\/v2\/comments?post=8478"}],"version-history":[{"count":0,"href":"https:\/\/zamardinyitva.hu\/en\/wp-json\/wp\/v2\/pages\/8478\/revisions"}],"wp:attachment":[{"href":"https:\/\/zamardinyitva.hu\/en\/wp-json\/wp\/v2\/media?parent=8478"}],"curies":[{"name":"wp","href":"https:\/\/api.w.org\/{rel}","templated":true}]}}