{"id":9364,"date":"2026-05-08T20:29:09","date_gmt":"2026-05-08T20:29:09","guid":{"rendered":"https:\/\/zamardinyitva.hu\/?page_id=9364"},"modified":"2026-05-11T13:29:56","modified_gmt":"2026-05-11T13:29:56","slug":"fogjunk-ossze-a-zamardi-kosarpalyaert","status":"publish","type":"page","link":"https:\/\/zamardinyitva.hu\/en\/fogjunk-ossze-a-zamardi-kosarpalyaert\/","title":{"rendered":"Fogjunk \u00f6ssze a zam\u00e1rdi kos\u00e1rp\u00e1ly\u00e1\u00e9rt!"},"content":{"rendered":"<div data-elementor-type=\"wp-page\" data-elementor-id=\"9364\" class=\"elementor elementor-9364\">\n\t\t\t\t\t\t\t\t\t<section data-particle_enable=\"false\" data-particle-mobile-disabled=\"false\" class=\"elementor-section elementor-top-section elementor-element elementor-element-2f5c4f59 elementor-section-boxed elementor-section-height-default elementor-section-height-default\" data-id=\"2f5c4f59\" data-element_type=\"section\">\n\t\t\t\t\t\t<div class=\"elementor-container elementor-column-gap-default\">\n\t\t\t\t\t<div class=\"elementor-column elementor-col-100 elementor-top-column elementor-element elementor-element-32685bad\" data-id=\"32685bad\" data-element_type=\"column\">\n\t\t\t<div class=\"elementor-widget-wrap elementor-element-populated\">\n\t\t\t\t\t\t\t\t<div class=\"elementor-element elementor-element-04203d9 elementor-widget elementor-widget-spacer\" data-id=\"04203d9\" data-element_type=\"widget\" data-widget_type=\"spacer.default\">\n\t\t\t\t<div class=\"elementor-widget-container\">\n\t\t\t\t\t<div class=\"elementor-spacer\">\n\t\t\t<div class=\"elementor-spacer-inner\"><\/div>\n\t\t<\/div>\n\t\t\t\t<\/div>\n\t\t\t\t<\/div>\n\t\t\t\t<div class=\"elementor-element elementor-element-225ddf33 elementor-widget elementor-widget-text-editor\" data-id=\"225ddf33\" data-element_type=\"widget\" data-widget_type=\"text-editor.default\">\n\t\t\t\t<div class=\"elementor-widget-container\">\n\t\t\t\t\t\t\t<!-- wp:paragraph -->\n<p>Tisztelt Zam\u00e1rdiak, Nyaral\u00f3tulajdonosok, V\u00e1llalkoz\u00f3k \u00e9s Mag\u00e1nszem\u00e9lyek!<\/p>\n<!-- \/wp:paragraph -->\n\n<!-- wp:paragraph -->\n<p>Hatalmas lehet\u0151s\u00e9g el\u0151tt \u00e1llunk: a Magyar Kos\u00e1rlabd\u00e1z\u00f3k Orsz\u00e1gos Sz\u00f6vets\u00e9ge (MKOSZ) \u2013 Gy\u0151rfi Istv\u00e1n k\u00f6zbenj\u00e1r\u00e1s\u00e1ra \u2013 bev\u00e1lasztotta v\u00e1rosunkat a 2026-os szabadt\u00e9ri p\u00e1lyatelep\u00edt\u00e9si programj\u00e1ba. Ennek keret\u00e9ben egy professzion\u00e1lis, 14 milli\u00f3 forint \u00e9rt\u00e9k\u0171 teljes p\u00e1ly\u00e1t (2 db f\u00e9lp\u00e1ly\u00e1t) kaphatunk aj\u00e1nd\u00e9kba.<\/p>\n<!-- \/wp:paragraph -->\n\n<!-- wp:paragraph -->\n<p>Mi a feladatunk?<\/p>\n<!-- \/wp:paragraph -->\n\n<!-- wp:paragraph -->\n<p>Ahhoz, hogy az MKOSZ telep\u00edthesse a speci\u00e1lis burkolatot \u00e9s a pal\u00e1nkokat, az \u00f6nkorm\u00e1nyzatnak ki kell \u00e9p\u00edtenie a szabv\u00e1nyos fogad\u00f3fel\u00fcletet (aszfalt\/beton alap) a B\u00e1cskai utcai j\u00e1tsz\u00f3t\u00e9r mellett. Ennek k\u00f6lts\u00e9ge mintegy 10 milli\u00f3 forint.<\/p>\n<!-- \/wp:paragraph -->\n\n<!-- wp:paragraph -->\n<p>Mivel ez a fejleszt\u00e9s v\u00e1ratlanul j\u00f6tt lehet\u0151s\u00e9g, a Zam\u00e1rdi Nyitva Egyes\u00fclet \u00e9s a Zam\u00e1rdi V\u00e1ros \u00d6nkorm\u00e1nyzata \u00f6sszefogott, hogy k\u00f6z\u00f6ss\u00e9gi gy\u0171jt\u00e9s \u00fatj\u00e1n teremts\u00fck el\u0151 a hi\u00e1nyz\u00f3 \u00f6sszeget. Ne hagyjuk elveszni ezt a modern sportol\u00e1si lehet\u0151s\u00e9get!<\/p>\n<!-- \/wp:paragraph -->\n\n<!-- wp:paragraph -->\n<p>\u00d6r\u00f6k\u00edts\u00fck meg a t\u00e1mogat\u00f3inkat!<\/p>\n<!-- \/wp:paragraph -->\n\n<!-- wp:paragraph -->\n<p>H\u00e1l\u00e1nk jel\u00e9\u00fcl a megval\u00f3sult kos\u00e1rlabda p\u00e1lya mellett egy k\u00f6sz\u00f6n\u0151t\u00e1bl\u00e1t helyez\u00fcnk el, amelyen felt\u00fcntetj\u00fck minden t\u00e1mogat\u00f3nk nev\u00e9t (legyen sz\u00f3 mag\u00e1nszem\u00e9lyr\u0151l, csal\u00e1dr\u00f3l vagy c\u00e9gr\u0151l), aki hozz\u00e1j\u00e1rult a p\u00e1lya l\u00e9trej\u00f6tt\u00e9hez.<\/p>\n<!-- \/wp:paragraph -->\n\n<!-- wp:paragraph -->\n<p>Hogyan t\u00e1mogathat?<\/p>\n<!-- \/wp:paragraph -->\n\n<!-- wp:paragraph -->\n<p>Adom\u00e1ny\u00e1t a k\u00f6zalap\u00edtv\u00e1ny sz\u00e1ml\u00e1j\u00e1ra v\u00e1rjuk. Fontos tudnival\u00f3, hogy a befizetett \u00f6sszegr\u0151l ig\u00e9ny eset\u00e9n hivatalos adom\u00e1nyigazol\u00e1st \u00e1ll\u00edtunk ki, amely a v\u00e1llalkoz\u00e1sok sz\u00e1m\u00e1ra ad\u00f3alap-cs\u00f6kkent\u0151 t\u00e9nyez\u0151 lehet.<\/p>\n<!-- \/wp:paragraph -->\n\n<!-- wp:paragraph -->\n<p>Az adom\u00e1nyoz\u00e1s adatai:<\/p>\n<!-- \/wp:paragraph -->\n\n<!-- wp:paragraph -->\n<p>Kedvezm\u00e9nyezett: Zam\u00e1rdi\u00e9rt K\u00f6zalap\u00edtv\u00e1ny<\/p>\n<!-- \/wp:paragraph -->\n\n<!-- wp:paragraph -->\n<p>Banksz\u00e1mlasz\u00e1m: 50800221-15420026<\/p>\n<!-- \/wp:paragraph -->\n\n<!-- wp:paragraph -->\n<p>K\u00f6zlem\u00e9ny: Kos\u00e1rp\u00e1lya + Az \u00d6n neve\/C\u00e9ge neve<\/p>\n<!-- \/wp:paragraph -->\n\n<!-- wp:paragraph -->\n<p>A p\u00e9ldamutat\u00e1s m\u00e1r elindult: Cs\u00e1kovics Gyula polg\u00e1rmester mag\u00e1nszem\u00e9lyk\u00e9nt 100 000 forintot aj\u00e1nlott fel a c\u00e9lra.<\/p>\n<!-- \/wp:paragraph -->\n\n<!-- wp:paragraph -->\n<p>Csatlakozzon \u00d6n is, \u00e9s \u00e9p\u00edts\u00fck meg egy\u00fctt a j\u00f6v\u0151 sportp\u00e1ly\u00e1j\u00e1t!<\/p>\n<!-- \/wp:paragraph -->\n\n<!-- wp:paragraph -->\n<p><\/p>\n<!-- \/wp:paragraph -->\t\t\t\t\t\t<\/div>\n\t\t\t\t<\/div>\n\t\t\t\t\t<\/div>\n\t\t<\/div>\n\t\t\t\t\t\t\t<\/div>\n\t\t<\/section>\n\t\t\t\t\t\t\t<\/div>","protected":false},"excerpt":{"rendered":"<p>Tisztelt Zam\u00e1rdiak, Nyaral\u00f3tulajdonosok, V\u00e1llalkoz\u00f3k \u00e9s Mag\u00e1nszem\u00e9lyek! Hatalmas lehet\u0151s\u00e9g el\u0151tt \u00e1llunk: a Magyar Kos\u00e1rlabd\u00e1z\u00f3k Orsz\u00e1gos Sz\u00f6vets\u00e9ge (MKOSZ) \u2013 Gy\u0151rfi Istv\u00e1n k\u00f6zbenj\u00e1r\u00e1s\u00e1ra \u2013 bev\u00e1lasztotta v\u00e1rosunkat a 2026-os szabadt\u00e9ri p\u00e1lyatelep\u00edt\u00e9si programj\u00e1ba. Ennek keret\u00e9ben egy professzion\u00e1lis, 14 milli\u00f3 forint \u00e9rt\u00e9k\u0171 teljes p\u00e1ly\u00e1t (2 db f\u00e9lp\u00e1ly\u00e1t) kaphatunk aj\u00e1nd\u00e9kba. Mi a feladatunk? Ahhoz, hogy az MKOSZ telep\u00edthesse a speci\u00e1lis burkolatot \u00e9s&hellip;<\/p>","protected":false},"author":4,"featured_media":0,"parent":0,"menu_order":0,"comment_status":"closed","ping_status":"closed","template":"elementor_canvas","meta":{"footnotes":""},"class_list":["post-9364","page","type-page","status-publish","hentry"],"yoast_head":"<!-- This site is optimized with the Yoast SEO Premium plugin v27.4 (Yoast SEO v27.4) - https:\/\/yoast.com\/product\/yoast-seo-premium-wordpress\/ -->\n<title>Fogjunk \u00f6ssze a zam\u00e1rdi kos\u00e1rp\u00e1ly\u00e1\u00e9rt! - Zam\u00e1rdi Nyitva!<\/title>\n<meta name=\"robots\" content=\"index, follow, max-snippet:-1, max-image-preview:large, max-video-preview:-1\" \/>\n<link rel=\"canonical\" href=\"https:\/\/zamardinyitva.hu\/en\/fogjunk-ossze-a-zamardi-kosarpalyaert\/\" \/>\n<meta property=\"og:locale\" content=\"en_US\" \/>\n<meta property=\"og:type\" content=\"article\" \/>\n<meta property=\"og:title\" content=\"Fogjunk \u00f6ssze a zam\u00e1rdi kos\u00e1rp\u00e1ly\u00e1\u00e9rt!\" \/>\n<meta property=\"og:description\" content=\"Tisztelt Zam\u00e1rdiak, Nyaral\u00f3tulajdonosok, V\u00e1llalkoz\u00f3k \u00e9s Mag\u00e1nszem\u00e9lyek! Hatalmas lehet\u0151s\u00e9g el\u0151tt \u00e1llunk: a Magyar Kos\u00e1rlabd\u00e1z\u00f3k Orsz\u00e1gos Sz\u00f6vets\u00e9ge (MKOSZ) \u2013 Gy\u0151rfi Istv\u00e1n k\u00f6zbenj\u00e1r\u00e1s\u00e1ra \u2013 bev\u00e1lasztotta v\u00e1rosunkat a 2026-os szabadt\u00e9ri p\u00e1lyatelep\u00edt\u00e9si programj\u00e1ba. Ennek keret\u00e9ben egy professzion\u00e1lis, 14 milli\u00f3 forint \u00e9rt\u00e9k\u0171 teljes p\u00e1ly\u00e1t (2 db f\u00e9lp\u00e1ly\u00e1t) kaphatunk aj\u00e1nd\u00e9kba. Mi a feladatunk? Ahhoz, hogy az MKOSZ telep\u00edthesse a speci\u00e1lis burkolatot \u00e9s&hellip;\" \/>\n<meta property=\"og:url\" content=\"https:\/\/zamardinyitva.hu\/en\/fogjunk-ossze-a-zamardi-kosarpalyaert\/\" \/>\n<meta property=\"og:site_name\" content=\"Zam\u00e1rdi Nyitva!\" \/>\n<meta property=\"article:publisher\" content=\"https:\/\/www.facebook.com\/zamardinyitva\/\" \/>\n<meta property=\"article:modified_time\" content=\"2026-05-11T13:29:56+00:00\" \/>\n<meta property=\"og:image\" content=\"https:\/\/zamardinyitva.hu\/wp-content\/uploads\/2023\/04\/sharer-zamardinyitva.jpg\" \/>\n\t<meta property=\"og:image:width\" content=\"2200\" \/>\n\t<meta property=\"og:image:height\" content=\"1238\" \/>\n\t<meta property=\"og:image:type\" content=\"image\/jpeg\" \/>\n<script type=\"application\/ld+json\" class=\"yoast-schema-graph\">{\"@context\":\"https:\\\/\\\/schema.org\",\"@graph\":[{\"@type\":\"WebPage\",\"@id\":\"https:\\\/\\\/zamardinyitva.hu\\\/fogjunk-ossze-a-zamardi-kosarpalyaert\\\/\",\"url\":\"https:\\\/\\\/zamardinyitva.hu\\\/fogjunk-ossze-a-zamardi-kosarpalyaert\\\/\",\"name\":\"Fogjunk \u00f6ssze a zam\u00e1rdi kos\u00e1rp\u00e1ly\u00e1\u00e9rt! - Zam\u00e1rdi Nyitva!\",\"isPartOf\":{\"@id\":\"https:\\\/\\\/zamardinyitva.hu\\\/#website\"},\"datePublished\":\"2026-05-08T20:29:09+00:00\",\"dateModified\":\"2026-05-11T13:29:56+00:00\",\"breadcrumb\":{\"@id\":\"https:\\\/\\\/zamardinyitva.hu\\\/fogjunk-ossze-a-zamardi-kosarpalyaert\\\/#breadcrumb\"},\"inLanguage\":\"en-US\",\"potentialAction\":[{\"@type\":\"ReadAction\",\"target\":[\"https:\\\/\\\/zamardinyitva.hu\\\/fogjunk-ossze-a-zamardi-kosarpalyaert\\\/\"]}]},{\"@type\":\"BreadcrumbList\",\"@id\":\"https:\\\/\\\/zamardinyitva.hu\\\/fogjunk-ossze-a-zamardi-kosarpalyaert\\\/#breadcrumb\",\"itemListElement\":[{\"@type\":\"ListItem\",\"position\":1,\"name\":\"Home\",\"item\":\"https:\\\/\\\/zamardinyitva.hu\\\/\"},{\"@type\":\"ListItem\",\"position\":2,\"name\":\"Fogjunk \u00f6ssze a zam\u00e1rdi kos\u00e1rp\u00e1ly\u00e1\u00e9rt!\"}]},{\"@type\":\"WebSite\",\"@id\":\"https:\\\/\\\/zamardinyitva.hu\\\/#website\",\"url\":\"https:\\\/\\\/zamardinyitva.hu\\\/\",\"name\":\"Zam\u00e1rdi Nyitva!\",\"description\":\"\",\"publisher\":{\"@id\":\"https:\\\/\\\/zamardinyitva.hu\\\/#organization\"},\"potentialAction\":[{\"@type\":\"SearchAction\",\"target\":{\"@type\":\"EntryPoint\",\"urlTemplate\":\"https:\\\/\\\/zamardinyitva.hu\\\/?s={search_term_string}\"},\"query-input\":{\"@type\":\"PropertyValueSpecification\",\"valueRequired\":true,\"valueName\":\"search_term_string\"}}],\"inLanguage\":\"en-US\"},{\"@type\":\"Organization\",\"@id\":\"https:\\\/\\\/zamardinyitva.hu\\\/#organization\",\"name\":\"Zam\u00e1rdi nyitva!\",\"url\":\"https:\\\/\\\/zamardinyitva.hu\\\/\",\"logo\":{\"@type\":\"ImageObject\",\"inLanguage\":\"en-US\",\"@id\":\"https:\\\/\\\/zamardinyitva.hu\\\/#\\\/schema\\\/logo\\\/image\\\/\",\"url\":\"https:\\\/\\\/lain.hu\\\/zny\\\/wp-content\\\/uploads\\\/2023\\\/04\\\/cropped-fbshare.jpg\",\"contentUrl\":\"https:\\\/\\\/lain.hu\\\/zny\\\/wp-content\\\/uploads\\\/2023\\\/04\\\/cropped-fbshare.jpg\",\"width\":512,\"height\":512,\"caption\":\"Zam\u00e1rdi nyitva!\"},\"image\":{\"@id\":\"https:\\\/\\\/zamardinyitva.hu\\\/#\\\/schema\\\/logo\\\/image\\\/\"},\"sameAs\":[\"https:\\\/\\\/www.facebook.com\\\/zamardinyitva\\\/\",\"https:\\\/\\\/www.instagram.com\\\/zamardinyitva\\\/\"]}]}<\/script>\n<!-- \/ Yoast SEO Premium plugin. -->","yoast_head_json":{"title":"Fogjunk \u00f6ssze a zam\u00e1rdi kos\u00e1rp\u00e1ly\u00e1\u00e9rt! - Zam\u00e1rdi Nyitva!","robots":{"index":"index","follow":"follow","max-snippet":"max-snippet:-1","max-image-preview":"max-image-preview:large","max-video-preview":"max-video-preview:-1"},"canonical":"https:\/\/zamardinyitva.hu\/en\/fogjunk-ossze-a-zamardi-kosarpalyaert\/","og_locale":"en_US","og_type":"article","og_title":"Fogjunk \u00f6ssze a zam\u00e1rdi kos\u00e1rp\u00e1ly\u00e1\u00e9rt!","og_description":"Tisztelt Zam\u00e1rdiak, Nyaral\u00f3tulajdonosok, V\u00e1llalkoz\u00f3k \u00e9s Mag\u00e1nszem\u00e9lyek! Hatalmas lehet\u0151s\u00e9g el\u0151tt \u00e1llunk: a Magyar Kos\u00e1rlabd\u00e1z\u00f3k Orsz\u00e1gos Sz\u00f6vets\u00e9ge (MKOSZ) \u2013 Gy\u0151rfi Istv\u00e1n k\u00f6zbenj\u00e1r\u00e1s\u00e1ra \u2013 bev\u00e1lasztotta v\u00e1rosunkat a 2026-os szabadt\u00e9ri p\u00e1lyatelep\u00edt\u00e9si programj\u00e1ba. Ennek keret\u00e9ben egy professzion\u00e1lis, 14 milli\u00f3 forint \u00e9rt\u00e9k\u0171 teljes p\u00e1ly\u00e1t (2 db f\u00e9lp\u00e1ly\u00e1t) kaphatunk aj\u00e1nd\u00e9kba. Mi a feladatunk? Ahhoz, hogy az MKOSZ telep\u00edthesse a speci\u00e1lis burkolatot \u00e9s&hellip;","og_url":"https:\/\/zamardinyitva.hu\/en\/fogjunk-ossze-a-zamardi-kosarpalyaert\/","og_site_name":"Zam\u00e1rdi Nyitva!","article_publisher":"https:\/\/www.facebook.com\/zamardinyitva\/","article_modified_time":"2026-05-11T13:29:56+00:00","og_image":[{"width":2200,"height":1238,"url":"https:\/\/zamardinyitva.hu\/wp-content\/uploads\/2023\/04\/sharer-zamardinyitva.jpg","type":"image\/jpeg"}],"schema":{"@context":"https:\/\/schema.org","@graph":[{"@type":"WebPage","@id":"https:\/\/zamardinyitva.hu\/fogjunk-ossze-a-zamardi-kosarpalyaert\/","url":"https:\/\/zamardinyitva.hu\/fogjunk-ossze-a-zamardi-kosarpalyaert\/","name":"Fogjunk \u00f6ssze a zam\u00e1rdi kos\u00e1rp\u00e1ly\u00e1\u00e9rt! - Zam\u00e1rdi Nyitva!","isPartOf":{"@id":"https:\/\/zamardinyitva.hu\/#website"},"datePublished":"2026-05-08T20:29:09+00:00","dateModified":"2026-05-11T13:29:56+00:00","breadcrumb":{"@id":"https:\/\/zamardinyitva.hu\/fogjunk-ossze-a-zamardi-kosarpalyaert\/#breadcrumb"},"inLanguage":"en-US","potentialAction":[{"@type":"ReadAction","target":["https:\/\/zamardinyitva.hu\/fogjunk-ossze-a-zamardi-kosarpalyaert\/"]}]},{"@type":"BreadcrumbList","@id":"https:\/\/zamardinyitva.hu\/fogjunk-ossze-a-zamardi-kosarpalyaert\/#breadcrumb","itemListElement":[{"@type":"ListItem","position":1,"name":"Home","item":"https:\/\/zamardinyitva.hu\/"},{"@type":"ListItem","position":2,"name":"Fogjunk \u00f6ssze a zam\u00e1rdi kos\u00e1rp\u00e1ly\u00e1\u00e9rt!"}]},{"@type":"WebSite","@id":"https:\/\/zamardinyitva.hu\/#website","url":"https:\/\/zamardinyitva.hu\/","name":"Zam\u00e1rdi Nyitva!","description":"","publisher":{"@id":"https:\/\/zamardinyitva.hu\/#organization"},"potentialAction":[{"@type":"SearchAction","target":{"@type":"EntryPoint","urlTemplate":"https:\/\/zamardinyitva.hu\/?s={search_term_string}"},"query-input":{"@type":"PropertyValueSpecification","valueRequired":true,"valueName":"search_term_string"}}],"inLanguage":"en-US"},{"@type":"Organization","@id":"https:\/\/zamardinyitva.hu\/#organization","name":"Zam\u00e1rdi!","url":"https:\/\/zamardinyitva.hu\/","logo":{"@type":"ImageObject","inLanguage":"en-US","@id":"https:\/\/zamardinyitva.hu\/#\/schema\/logo\/image\/","url":"https:\/\/lain.hu\/zny\/wp-content\/uploads\/2023\/04\/cropped-fbshare.jpg","contentUrl":"https:\/\/lain.hu\/zny\/wp-content\/uploads\/2023\/04\/cropped-fbshare.jpg","width":512,"height":512,"caption":"Zam\u00e1rdi nyitva!"},"image":{"@id":"https:\/\/zamardinyitva.hu\/#\/schema\/logo\/image\/"},"sameAs":["https:\/\/www.facebook.com\/zamardinyitva\/","https:\/\/www.instagram.com\/zamardinyitva\/"]}]}},"_links":{"self":[{"href":"https:\/\/zamardinyitva.hu\/en\/wp-json\/wp\/v2\/pages\/9364","targetHints":{"allow":["GET"]}}],"collection":[{"href":"https:\/\/zamardinyitva.hu\/en\/wp-json\/wp\/v2\/pages"}],"about":[{"href":"https:\/\/zamardinyitva.hu\/en\/wp-json\/wp\/v2\/types\/page"}],"author":[{"embeddable":true,"href":"https:\/\/zamardinyitva.hu\/en\/wp-json\/wp\/v2\/users\/4"}],"replies":[{"embeddable":true,"href":"https:\/\/zamardinyitva.hu\/en\/wp-json\/wp\/v2\/comments?post=9364"}],"version-history":[{"count":10,"href":"https:\/\/zamardinyitva.hu\/en\/wp-json\/wp\/v2\/pages\/9364\/revisions"}],"predecessor-version":[{"id":9379,"href":"https:\/\/zamardinyitva.hu\/en\/wp-json\/wp\/v2\/pages\/9364\/revisions\/9379"}],"wp:attachment":[{"href":"https:\/\/zamardinyitva.hu\/en\/wp-json\/wp\/v2\/media?parent=9364"}],"curies":[{"name":"wp","href":"https:\/\/api.w.org\/{rel}","templated":true}]}}